{"id":990925,"date":"2025-11-12T05:41:03","date_gmt":"2025-11-12T05:41:03","guid":{"rendered":"https:\/\/corpenza.com\/hakkimizda\/careers\/empleado-de-construccion-en-alemania\/"},"modified":"2026-04-23T11:45:05","modified_gmt":"2026-04-23T11:45:05","slug":"empleado-de-construccion-en-alemania","status":"publish","type":"page","link":"https:\/\/corpenza.com\/es\/hakkimizda\/careers\/empleado-de-construccion-en-alemania\/","title":{"rendered":"Empleado de Construcci\u00f3n en Alemania"},"content":{"rendered":"\t\t<div data-elementor-type=\"wp-page\" data-elementor-id=\"990925\" class=\"elementor elementor-990925 elementor-990909\" data-elementor-post-type=\"page\">\n\t\t\t\t<div class=\"elementor-element elementor-element-96cf606 e-flex e-con-boxed e-con e-parent\" data-id=\"96cf606\" data-element_type=\"container\">\n\t\t\t\t\t<div class=\"e-con-inner\">\n\t\t\t\t<div class=\"elementor-element elementor-element-db834c4 elementor-widget-divider--view-line elementor-widget elementor-widget-divider\" data-id=\"db834c4\" data-element_type=\"widget\" data-widget_type=\"divider.default\">\n\t\t\t\t<div class=\"elementor-widget-container\">\n\t\t\t\t\t\t\t<div class=\"elementor-divider\">\n\t\t\t<span class=\"elementor-divider-separator\">\n\t\t\t\t\t\t<\/span>\n\t\t<\/div>\n\t\t\t\t\t\t<\/div>\n\t\t\t\t<\/div>\n\t\t\t\t<div class=\"elementor-element elementor-element-05d66d8 elementor-widget elementor-widget-heading\" data-id=\"05d66d8\" data-element_type=\"widget\" data-widget_type=\"heading.default\">\n\t\t\t\t<div class=\"elementor-widget-container\">\n\t\t\t\t\t<h5 class=\"elementor-heading-title elementor-size-default\">Sorumluluklar:<\/h5>\t\t\t\t<\/div>\n\t\t\t\t<\/div>\n\t\t\t\t<div class=\"elementor-element elementor-element-4533b49 elementor-widget elementor-widget-text-editor\" data-id=\"4533b49\" data-element_type=\"widget\" data-widget_type=\"text-editor.default\">\n\t\t\t\t<div class=\"elementor-widget-container\">\n\t\t\t\t\t\t\t\t\t<ul><li class=\"text-start \">\u015eantiye sahalar\u0131nda iskele kurulumu, s\u00f6k\u00fcm\u00fc ve ta\u015f\u0131ma i\u015flerinde ekibe destek olmak<\/li><li class=\"text-start \">Ustaba\u015f\u0131\/ekip lideri talimatlar\u0131na uygun \u015fekilde malzeme haz\u0131rlamak, s\u0131n\u0131fland\u0131rmak ve d\u00fczenlemek<\/li><li class=\"text-start \">Y\u00fcksekte \u00e7al\u0131\u015fma kurallar\u0131na uyarak korkuluk, platform ve ba\u011flant\u0131 elemanlar\u0131n\u0131 do\u011fru \u015fekilde yerle\u015ftirmek<\/li><li class=\"text-start \">G\u00fcnl\u00fck i\u015f g\u00fcvenli\u011fi bilgilendirmelerine (toolbox) kat\u0131lmak ve ki\u015fisel koruyucu donan\u0131m\u0131 (baret, emniyet kemeri, eldiven, \u00e7elik burunlu ayakkab\u0131 vb.) do\u011fru \u015fekilde kullanmak<\/li><li class=\"text-start \">\u015eantiye temizli\u011fi, at\u0131k ayr\u0131\u015ft\u0131rma ve i\u015f bitimi d\u00fczeni sa\u011flamak<\/li><li class=\"text-start \">Ekipman ve malzemelerin hasars\u0131z kullan\u0131lmas\u0131na ve say\u0131m\u0131na destek olmak<\/li><li class=\"text-start \">\u0130\u015f g\u00fcvenli\u011fi ve kalite prosed\u00fcrlerine uymak, uygunsuzluklar\u0131 raporlamak<\/li><\/ul>\t\t\t\t\t\t\t\t<\/div>\n\t\t\t\t<\/div>\n\t\t\t\t<div class=\"elementor-element elementor-element-2f05996 elementor-widget-divider--view-line elementor-widget elementor-widget-divider\" data-id=\"2f05996\" data-element_type=\"widget\" data-widget_type=\"divider.default\">\n\t\t\t\t<div class=\"elementor-widget-container\">\n\t\t\t\t\t\t\t<div class=\"elementor-divider\">\n\t\t\t<span class=\"elementor-divider-separator\">\n\t\t\t\t\t\t<\/span>\n\t\t<\/div>\n\t\t\t\t\t\t<\/div>\n\t\t\t\t<\/div>\n\t\t\t\t<div class=\"elementor-element elementor-element-c2dce34 elementor-widget elementor-widget-heading\" data-id=\"c2dce34\" data-element_type=\"widget\" data-widget_type=\"heading.default\">\n\t\t\t\t<div class=\"elementor-widget-container\">\n\t\t\t\t\t<h5 class=\"elementor-heading-title elementor-size-default\">Aranan Nitelikler:<\/h5>\t\t\t\t<\/div>\n\t\t\t\t<\/div>\n\t\t\t\t<div class=\"elementor-element elementor-element-356a8f2 elementor-widget elementor-widget-text-editor\" data-id=\"356a8f2\" data-element_type=\"widget\" data-widget_type=\"text-editor.default\">\n\t\t\t\t<div class=\"elementor-widget-container\">\n\t\t\t\t\t\t\t\t\t<ul><li class=\"text-start \">AB vatanda\u015f\u0131 olmak veya AB\u2019de s\u00fcresiz oturum iznine (Niederlassungserlaubnis vb.) sahip olmak<\/li><li class=\"text-start \">Fiziksel olarak saha \u00e7al\u0131\u015fmalar\u0131na uygun olmak; y\u00fcksekte \u00e7al\u0131\u015fmaya engel bir durumu bulunmamak<\/li><li class=\"text-start \">Tak\u0131m \u00e7al\u0131\u015fmas\u0131na yatk\u0131nl\u0131k, talimat alma ve uygulama disiplinine sahip olmak<\/li><li class=\"text-start \">Temel el aletlerini g\u00fcvenli kullanabilmek; saha d\u00fczenine \u00f6zen g\u00f6stermek<\/li><li class=\"text-start \">Tercihen: Temel seviyede Almanca ileti\u015fim, B s\u0131n\u0131f\u0131 s\u00fcr\u00fcc\u00fc belgesi, daha \u00f6nce iskele\/\u015fantiye deneyimi<\/li><li class=\"text-start \">\u0130\u015f g\u00fcvenli\u011fi kurallar\u0131na titizlikle uyma motivasyonu<\/li><\/ul>\t\t\t\t\t\t\t\t<\/div>\n\t\t\t\t<\/div>\n\t\t\t\t<div class=\"elementor-element elementor-element-8e42a6c elementor-widget-divider--view-line elementor-widget elementor-widget-divider\" data-id=\"8e42a6c\" data-element_type=\"widget\" data-widget_type=\"divider.default\">\n\t\t\t\t<div class=\"elementor-widget-container\">\n\t\t\t\t\t\t\t<div class=\"elementor-divider\">\n\t\t\t<span class=\"elementor-divider-separator\">\n\t\t\t\t\t\t<\/span>\n\t\t<\/div>\n\t\t\t\t\t\t<\/div>\n\t\t\t\t<\/div>\n\t\t\t\t<div class=\"elementor-element elementor-element-8687757 elementor-widget elementor-widget-heading\" data-id=\"8687757\" data-element_type=\"widget\" data-widget_type=\"heading.default\">\n\t\t\t\t<div class=\"elementor-widget-container\">\n\t\t\t\t\t<h5 class=\"elementor-heading-title elementor-size-default\">\u00c7al\u0131\u015fma Ko\u015fullar\u0131:<\/h5>\t\t\t\t<\/div>\n\t\t\t\t<\/div>\n\t\t\t\t<div class=\"elementor-element elementor-element-9cf4993 elementor-widget elementor-widget-text-editor\" data-id=\"9cf4993\" data-element_type=\"widget\" data-widget_type=\"text-editor.default\">\n\t\t\t\t<div class=\"elementor-widget-container\">\n\t\t\t\t\t\t\t\t\t<ul><li class=\"text-start \">Haftal\u0131k \u00e7al\u0131\u015fma: Projeye g\u00f6re de\u011fi\u015fmekle birlikte genellikle 40 saat; gerekti\u011finde fazla mesai<\/li><li class=\"text-start \">Vardiya: \u015eantiye plan\u0131na g\u00f6re g\u00fcnd\u00fcz; proje ihtiyac\u0131na g\u00f6re esnek \u00e7al\u0131\u015fma<\/li><li class=\"text-start \">Saha lokasyonlar\u0131: Almanya genelinde farkl\u0131 \u015fehir ve projeler<\/li><li class=\"text-start \">Seyahat: Projeden projeye ge\u00e7i\u015flerde k\u0131sa s\u00fcreli seyahat gerekebilir<\/li><li class=\"text-start \">Konaklama: Proje bazl\u0131 organizasyon deste\u011fi sa\u011flanabilir; detaylar i\u015fe al\u0131m s\u00fcrecinde netle\u015ftirilir<\/li><li class=\"text-start \">Ekipman: Zorunlu ki\u015fisel koruyucu donan\u0131m\u0131n temini ve kullan\u0131m\u0131 sa\u011flan\u0131r<\/li><li class=\"text-start \">\u00dccretlendirme: Almanya yasal asgari saatlik \u00fccretine g\u00f6re \u00f6deme (g\u00fcncel Mindestlohn); fazla mesai ve gece \u00e7al\u0131\u015fmalar\u0131 i\u00e7in yasal oranlar uygulan\u0131r<\/li><\/ul>\t\t\t\t\t\t\t\t<\/div>\n\t\t\t\t<\/div>\n\t\t\t\t\t<\/div>\n\t\t\t\t<\/div>\n\t\t\t\t<\/div>\n\t\t","protected":false},"excerpt":{"rendered":"<p>Estamos buscando compa\u00f1eros de equipo que trabajen en un modelo de alquiler (Arbeitnehmer\u00fcberlassung) para la instalaci\u00f3n y desmontaje de andamios en sitios de construcci\u00f3n en toda Alemania a trav\u00e9s de una agencia de empleo. La compensaci\u00f3n se basar\u00e1 en el salario m\u00ednimo legal actual en Alemania. Se requiere ciudadan\u00eda de la UE o residencia permanente en la UE para postular.<\/p>\n","protected":false},"author":1,"featured_media":0,"parent":35,"menu_order":0,"comment_status":"closed","ping_status":"closed","template":"","meta":{"footnotes":""},"class_list":["post-990925","page","type-page","status-publish","hentry"],"yoast_head":"<!-- This site is optimized with the Yoast SEO plugin v27.2 - https:\/\/yoast.com\/product\/yoast-seo-wordpress\/ -->\n<title>Empleado de Construcci\u00f3n en Alemania - Corpenza - Soluciones Globales Sin Fronteras<\/title>\n<meta name=\"description\" content=\"Estamos buscando compa\u00f1eros de equipo que trabajen en un modelo de alquiler (Arbeitnehmer\u00fcberlassung) para la instalaci\u00f3n y desmontaje de andamios en sitios de construcci\u00f3n en toda Alemania a trav\u00e9s de una agencia de empleo. La compensaci\u00f3n se basar\u00e1 en el salario m\u00ednimo legal actual en Alemania. Se requiere ciudadan\u00eda de la UE o residencia permanente en la UE para postular.\" \/>\n<meta name=\"robots\" content=\"index, follow, max-snippet:-1, max-image-preview:large, max-video-preview:-1\" \/>\n<link rel=\"canonical\" href=\"https:\/\/corpenza.com\/es\/hakkimizda\/careers\/empleado-de-construccion-en-alemania\/\" \/>\n<meta property=\"og:locale\" content=\"es_ES\" \/>\n<meta property=\"og:type\" content=\"article\" \/>\n<meta property=\"og:title\" content=\"Empleado de Construcci\u00f3n en Alemania - Corpenza - Soluciones Globales Sin Fronteras\" \/>\n<meta property=\"og:description\" content=\"Estamos buscando compa\u00f1eros de equipo que trabajen en un modelo de alquiler (Arbeitnehmer\u00fcberlassung) para la instalaci\u00f3n y desmontaje de andamios en sitios de construcci\u00f3n en toda Alemania a trav\u00e9s de una agencia de empleo. La compensaci\u00f3n se basar\u00e1 en el salario m\u00ednimo legal actual en Alemania. Se requiere ciudadan\u00eda de la UE o residencia permanente en la UE para postular.\" \/>\n<meta property=\"og:url\" content=\"https:\/\/corpenza.com\/es\/hakkimizda\/careers\/empleado-de-construccion-en-alemania\/\" \/>\n<meta property=\"og:site_name\" content=\"Corpenza - Soluciones Globales Sin Fronteras\" \/>\n<meta property=\"article:modified_time\" content=\"2026-04-23T11:45:05+00:00\" \/>\n<meta name=\"twitter:card\" content=\"summary_large_image\" \/>\n<meta name=\"twitter:label1\" content=\"Tiempo de lectura\" \/>\n\t<meta name=\"twitter:data1\" content=\"2 minutos\" \/>\n<script type=\"application\/ld+json\" class=\"yoast-schema-graph\">{\"@context\":\"https:\/\/schema.org\",\"@graph\":[{\"@type\":\"WebPage\",\"@id\":\"https:\/\/corpenza.com\/es\/hakkimizda\/careers\/empleado-de-construccion-en-alemania\/\",\"url\":\"https:\/\/corpenza.com\/es\/hakkimizda\/careers\/empleado-de-construccion-en-alemania\/\",\"name\":\"Empleado de Construcci\u00f3n en Alemania - Corpenza - Soluciones Globales Sin Fronteras\",\"isPartOf\":{\"@id\":\"https:\/\/corpenza.com\/es\/#website\"},\"datePublished\":\"2025-11-12T05:41:03+00:00\",\"dateModified\":\"2026-04-23T11:45:05+00:00\",\"description\":\"Estamos buscando compa\u00f1eros de equipo que trabajen en un modelo de alquiler (Arbeitnehmer\u00fcberlassung) para la instalaci\u00f3n y desmontaje de andamios en sitios de construcci\u00f3n en toda Alemania a trav\u00e9s de una agencia de empleo. La compensaci\u00f3n se basar\u00e1 en el salario m\u00ednimo legal actual en Alemania. Se requiere ciudadan\u00eda de la UE o residencia permanente en la UE para postular.\",\"breadcrumb\":{\"@id\":\"https:\/\/corpenza.com\/es\/hakkimizda\/careers\/empleado-de-construccion-en-alemania\/#breadcrumb\"},\"inLanguage\":\"es\",\"potentialAction\":[{\"@type\":\"ReadAction\",\"target\":[\"https:\/\/corpenza.com\/es\/hakkimizda\/careers\/empleado-de-construccion-en-alemania\/\"]}]},{\"@type\":\"BreadcrumbList\",\"@id\":\"https:\/\/corpenza.com\/es\/hakkimizda\/careers\/empleado-de-construccion-en-alemania\/#breadcrumb\",\"itemListElement\":[{\"@type\":\"ListItem\",\"position\":1,\"name\":\"Inicio\",\"item\":\"https:\/\/corpenza.com\/es\/\"},{\"@type\":\"ListItem\",\"position\":2,\"name\":\"Hakk\u0131m\u0131zda\",\"item\":\"https:\/\/corpenza.com\/es\/hakkimizda\/\"},{\"@type\":\"ListItem\",\"position\":3,\"name\":\"Careers\",\"item\":\"https:\/\/corpenza.com\/es\/?page_id=35\"},{\"@type\":\"ListItem\",\"position\":4,\"name\":\"Empleado de Construcci\u00f3n en Alemania\"}]},{\"@type\":\"WebSite\",\"@id\":\"https:\/\/corpenza.com\/es\/#website\",\"url\":\"https:\/\/corpenza.com\/es\/\",\"name\":\"Corpenza - Soluciones Globales Sin Fronteras\",\"description\":\"Corpenza ofrece servicios de permisos de residencia, constituci\u00f3n de empresas, visados dorados, contabilidad y n\u00f3minas a inversores, emprendedores y empleados.\",\"publisher\":{\"@id\":\"https:\/\/corpenza.com\/es\/#organization\"},\"potentialAction\":[{\"@type\":\"SearchAction\",\"target\":{\"@type\":\"EntryPoint\",\"urlTemplate\":\"https:\/\/corpenza.com\/es\/?s={search_term_string}\"},\"query-input\":{\"@type\":\"PropertyValueSpecification\",\"valueRequired\":true,\"valueName\":\"search_term_string\"}}],\"inLanguage\":\"es\"},{\"@type\":\"Organization\",\"@id\":\"https:\/\/corpenza.com\/es\/#organization\",\"name\":\"Corpenza - Soluciones Globales Sin Fronteras\",\"url\":\"https:\/\/corpenza.com\/es\/\",\"logo\":{\"@type\":\"ImageObject\",\"inLanguage\":\"es\",\"@id\":\"https:\/\/corpenza.com\/es\/#\/schema\/logo\/image\/\",\"url\":\"https:\/\/corpenza.com\/wp-content\/uploads\/2025\/10\/logo-light.svg\",\"contentUrl\":\"https:\/\/corpenza.com\/wp-content\/uploads\/2025\/10\/logo-light.svg\",\"width\":117,\"height\":40,\"caption\":\"Corpenza - Soluciones Globales Sin Fronteras\"},\"image\":{\"@id\":\"https:\/\/corpenza.com\/es\/#\/schema\/logo\/image\/\"}}]}<\/script>\n<!-- \/ Yoast SEO plugin. -->","yoast_head_json":{"title":"Empleado de Construcci\u00f3n en Alemania - Corpenza - Soluciones Globales Sin Fronteras","description":"Estamos buscando compa\u00f1eros de equipo que trabajen en un modelo de alquiler (Arbeitnehmer\u00fcberlassung) para la instalaci\u00f3n y desmontaje de andamios en sitios de construcci\u00f3n en toda Alemania a trav\u00e9s de una agencia de empleo. La compensaci\u00f3n se basar\u00e1 en el salario m\u00ednimo legal actual en Alemania. Se requiere ciudadan\u00eda de la UE o residencia permanente en la UE para postular.","robots":{"index":"index","follow":"follow","max-snippet":"max-snippet:-1","max-image-preview":"max-image-preview:large","max-video-preview":"max-video-preview:-1"},"canonical":"https:\/\/corpenza.com\/es\/hakkimizda\/careers\/empleado-de-construccion-en-alemania\/","og_locale":"es_ES","og_type":"article","og_title":"Empleado de Construcci\u00f3n en Alemania - Corpenza - Soluciones Globales Sin Fronteras","og_description":"Estamos buscando compa\u00f1eros de equipo que trabajen en un modelo de alquiler (Arbeitnehmer\u00fcberlassung) para la instalaci\u00f3n y desmontaje de andamios en sitios de construcci\u00f3n en toda Alemania a trav\u00e9s de una agencia de empleo. La compensaci\u00f3n se basar\u00e1 en el salario m\u00ednimo legal actual en Alemania. Se requiere ciudadan\u00eda de la UE o residencia permanente en la UE para postular.","og_url":"https:\/\/corpenza.com\/es\/hakkimizda\/careers\/empleado-de-construccion-en-alemania\/","og_site_name":"Corpenza - Soluciones Globales Sin Fronteras","article_modified_time":"2026-04-23T11:45:05+00:00","twitter_card":"summary_large_image","twitter_misc":{"Tiempo de lectura":"2 minutos"},"schema":{"@context":"https:\/\/schema.org","@graph":[{"@type":"WebPage","@id":"https:\/\/corpenza.com\/es\/hakkimizda\/careers\/empleado-de-construccion-en-alemania\/","url":"https:\/\/corpenza.com\/es\/hakkimizda\/careers\/empleado-de-construccion-en-alemania\/","name":"Empleado de Construcci\u00f3n en Alemania - Corpenza - Soluciones Globales Sin Fronteras","isPartOf":{"@id":"https:\/\/corpenza.com\/es\/#website"},"datePublished":"2025-11-12T05:41:03+00:00","dateModified":"2026-04-23T11:45:05+00:00","description":"Estamos buscando compa\u00f1eros de equipo que trabajen en un modelo de alquiler (Arbeitnehmer\u00fcberlassung) para la instalaci\u00f3n y desmontaje de andamios en sitios de construcci\u00f3n en toda Alemania a trav\u00e9s de una agencia de empleo. La compensaci\u00f3n se basar\u00e1 en el salario m\u00ednimo legal actual en Alemania. Se requiere ciudadan\u00eda de la UE o residencia permanente en la UE para postular.","breadcrumb":{"@id":"https:\/\/corpenza.com\/es\/hakkimizda\/careers\/empleado-de-construccion-en-alemania\/#breadcrumb"},"inLanguage":"es","potentialAction":[{"@type":"ReadAction","target":["https:\/\/corpenza.com\/es\/hakkimizda\/careers\/empleado-de-construccion-en-alemania\/"]}]},{"@type":"BreadcrumbList","@id":"https:\/\/corpenza.com\/es\/hakkimizda\/careers\/empleado-de-construccion-en-alemania\/#breadcrumb","itemListElement":[{"@type":"ListItem","position":1,"name":"Inicio","item":"https:\/\/corpenza.com\/es\/"},{"@type":"ListItem","position":2,"name":"Hakk\u0131m\u0131zda","item":"https:\/\/corpenza.com\/es\/hakkimizda\/"},{"@type":"ListItem","position":3,"name":"Careers","item":"https:\/\/corpenza.com\/es\/?page_id=35"},{"@type":"ListItem","position":4,"name":"Empleado de Construcci\u00f3n en Alemania"}]},{"@type":"WebSite","@id":"https:\/\/corpenza.com\/es\/#website","url":"https:\/\/corpenza.com\/es\/","name":"Corpenza - Soluciones Globales Sin Fronteras","description":"Corpenza ofrece servicios de permisos de residencia, constituci\u00f3n de empresas, visados dorados, contabilidad y n\u00f3minas a inversores, emprendedores y empleados.","publisher":{"@id":"https:\/\/corpenza.com\/es\/#organization"},"potentialAction":[{"@type":"SearchAction","target":{"@type":"EntryPoint","urlTemplate":"https:\/\/corpenza.com\/es\/?s={search_term_string}"},"query-input":{"@type":"PropertyValueSpecification","valueRequired":true,"valueName":"search_term_string"}}],"inLanguage":"es"},{"@type":"Organization","@id":"https:\/\/corpenza.com\/es\/#organization","name":"Corpenza - Soluciones Globales Sin Fronteras","url":"https:\/\/corpenza.com\/es\/","logo":{"@type":"ImageObject","inLanguage":"es","@id":"https:\/\/corpenza.com\/es\/#\/schema\/logo\/image\/","url":"https:\/\/corpenza.com\/wp-content\/uploads\/2025\/10\/logo-light.svg","contentUrl":"https:\/\/corpenza.com\/wp-content\/uploads\/2025\/10\/logo-light.svg","width":117,"height":40,"caption":"Corpenza - Soluciones Globales Sin Fronteras"},"image":{"@id":"https:\/\/corpenza.com\/es\/#\/schema\/logo\/image\/"}}]}},"_links":{"self":[{"href":"https:\/\/corpenza.com\/es\/wp-json\/wp\/v2\/pages\/990925","targetHints":{"allow":["GET"]}}],"collection":[{"href":"https:\/\/corpenza.com\/es\/wp-json\/wp\/v2\/pages"}],"about":[{"href":"https:\/\/corpenza.com\/es\/wp-json\/wp\/v2\/types\/page"}],"author":[{"embeddable":true,"href":"https:\/\/corpenza.com\/es\/wp-json\/wp\/v2\/users\/1"}],"replies":[{"embeddable":true,"href":"https:\/\/corpenza.com\/es\/wp-json\/wp\/v2\/comments?post=990925"}],"version-history":[{"count":1,"href":"https:\/\/corpenza.com\/es\/wp-json\/wp\/v2\/pages\/990925\/revisions"}],"predecessor-version":[{"id":992697,"href":"https:\/\/corpenza.com\/es\/wp-json\/wp\/v2\/pages\/990925\/revisions\/992697"}],"up":[{"embeddable":true,"href":"https:\/\/corpenza.com\/es\/wp-json\/wp\/v2\/pages\/35"}],"wp:attachment":[{"href":"https:\/\/corpenza.com\/es\/wp-json\/wp\/v2\/media?parent=990925"}],"curies":[{"name":"wp","href":"https:\/\/api.w.org\/{rel}","templated":true}]}}