{"id":989115,"date":"2025-02-19T13:37:15","date_gmt":"2025-02-19T13:37:15","guid":{"rendered":"https:\/\/corpenza.com\/politica-de-privacidad\/"},"modified":"2026-04-29T12:16:03","modified_gmt":"2026-04-29T12:16:03","slug":"politica-de-privacidad","status":"publish","type":"page","link":"https:\/\/corpenza.com\/es\/politica-de-privacidad\/","title":{"rendered":"Pol\u00edtica de privacidad"},"content":{"rendered":"\t\t<div data-elementor-type=\"wp-page\" data-elementor-id=\"989115\" class=\"elementor elementor-989115 elementor-1092\" data-elementor-post-type=\"page\">\n\t\t\t\t<div class=\"elementor-element elementor-element-c1e8912 e-flex e-con-boxed e-con e-parent\" data-id=\"c1e8912\" data-element_type=\"container\">\n\t\t\t\t\t<div class=\"e-con-inner\">\n\t\t\t\t<div class=\"elementor-element elementor-element-19b6271 elementor-widget elementor-widget-heading\" data-id=\"19b6271\" data-element_type=\"widget\" data-widget_type=\"heading.default\">\n\t\t\t\t<div class=\"elementor-widget-container\">\n\t\t\t\t\t<h3 class=\"elementor-heading-title elementor-size-default\">\u00bfQu\u00e9 informaci\u00f3n recopilamos?<\/h3>\t\t\t\t<\/div>\n\t\t\t\t<\/div>\n\t\t\t\t<div class=\"elementor-element elementor-element-eb7bd66 elementor-widget elementor-widget-text-editor\" data-id=\"eb7bd66\" data-element_type=\"widget\" data-widget_type=\"text-editor.default\">\n\t\t\t\t<div class=\"elementor-widget-container\">\n\t\t\t\t\t\t\t\t\t<p>Cuando interact\u00faa con nosotros, podemos recopilar su nombre, direcci\u00f3n, direcci\u00f3n(es) de correo electr\u00f3nico, n\u00famero(s) de tel\u00e9fono y, cuando corresponda, fecha de nacimiento.<\/p>\t\t\t\t\t\t\t\t<\/div>\n\t\t\t\t<\/div>\n\t\t\t\t<div class=\"elementor-element elementor-element-7bff451 elementor-widget elementor-widget-heading\" data-id=\"7bff451\" data-element_type=\"widget\" data-widget_type=\"heading.default\">\n\t\t\t\t<div class=\"elementor-widget-container\">\n\t\t\t\t\t<h3 class=\"elementor-heading-title elementor-size-default\">\u00bfC\u00f3mo recopilamos la informaci\u00f3n?<\/h3>\t\t\t\t<\/div>\n\t\t\t\t<\/div>\n\t\t\t\t<div class=\"elementor-element elementor-element-e10cf8e elementor-widget elementor-widget-text-editor\" data-id=\"e10cf8e\" data-element_type=\"widget\" data-widget_type=\"text-editor.default\">\n\t\t\t\t<div class=\"elementor-widget-container\">\n\t\t\t\t\t\t\t\t\t<p>Podemos recopilar informaci\u00f3n sobre usted cada vez que interact\u00faa con nosotros. Por ejemplo, cuando se pone en contacto con nosotros en relaci\u00f3n con nuestras actividades, se registra como simpatizante, env\u00eda o recibe informaci\u00f3n o firma una petici\u00f3n, nos proporciona de forma espec\u00edfica y consciente su informaci\u00f3n personal. Tambi\u00e9n podemos recibir informaci\u00f3n sobre usted de terceros, pero solo si les ha dado permiso para compartir su informaci\u00f3n.  <\/p>\t\t\t\t\t\t\t\t<\/div>\n\t\t\t\t<\/div>\n\t\t\t\t<div class=\"elementor-element elementor-element-28fa2d6 elementor-widget elementor-widget-heading\" data-id=\"28fa2d6\" data-element_type=\"widget\" data-widget_type=\"heading.default\">\n\t\t\t\t<div class=\"elementor-widget-container\">\n\t\t\t\t\t<h3 class=\"elementor-heading-title elementor-size-default\">Confidencialidad<\/h3>\t\t\t\t<\/div>\n\t\t\t\t<\/div>\n\t\t\t\t<div class=\"elementor-element elementor-element-6784975 elementor-widget elementor-widget-text-editor\" data-id=\"6784975\" data-element_type=\"widget\" data-widget_type=\"text-editor.default\">\n\t\t\t\t<div class=\"elementor-widget-container\">\n\t\t\t\t\t\t\t\t\t<p>No seremos responsables de la privacidad de los datos recopilados por sitios web que no sean propiedad de Charity ni est\u00e9n gestionados por ella, incluidos los enlazados a trav\u00e9s de nuestro sitio web.<\/p>\t\t\t\t\t\t\t\t<\/div>\n\t\t\t\t<\/div>\n\t\t\t\t<div class=\"elementor-element elementor-element-c1b1131 elementor-widget elementor-widget-heading\" data-id=\"c1b1131\" data-element_type=\"widget\" data-widget_type=\"heading.default\">\n\t\t\t\t<div class=\"elementor-widget-container\">\n\t\t\t\t\t<h3 class=\"elementor-heading-title elementor-size-default\">Presentar una reclamaci\u00f3n\n<\/h3>\t\t\t\t<\/div>\n\t\t\t\t<\/div>\n\t\t\t\t<div class=\"elementor-element elementor-element-0925075 elementor-widget elementor-widget-text-editor\" data-id=\"0925075\" data-element_type=\"widget\" data-widget_type=\"text-editor.default\">\n\t\t\t\t<div class=\"elementor-widget-container\">\n\t\t\t\t\t\t\t\t\t<p>Si no est\u00e1 satisfecho con la respuesta, p\u00f3ngase en contacto con nosotros en eagle-elite@email.com con los detalles que expliquen sus inquietudes. Revisaremos su reclamaci\u00f3n e investigaremos si se han seguido los procedimientos correctos y le responderemos seg\u00fan corresponda. Nuestro objetivo es completar esta investigaci\u00f3n en un plazo de 15 d\u00edas h\u00e1biles a partir de la recepci\u00f3n de su reclamaci\u00f3n; sin embargo, en algunos casos puede tardar m\u00e1s. Si a\u00fan no est\u00e1 satisfecho con la respuesta, puede ponerse en contacto con nosotros.   <\/p>\t\t\t\t\t\t\t\t<\/div>\n\t\t\t\t<\/div>\n\t\t\t\t\t<\/div>\n\t\t\t\t<\/div>\n\t\t\t\t<\/div>\n\t\t","protected":false},"excerpt":{"rendered":"<p>\u00bfQu\u00e9 informaci\u00f3n recopilamos? Cuando interact\u00faa con nosotros, podemos recopilar su nombre, direcci\u00f3n, direcci\u00f3n(es) de correo electr\u00f3nico, n\u00famero(s) de tel\u00e9fono y, cuando corresponda, fecha de nacimiento. \u00bfC\u00f3mo recopilamos la informaci\u00f3n? Podemos recopilar informaci\u00f3n sobre usted cada vez que interact\u00faa con nosotros. Por ejemplo, cuando se pone en contacto con nosotros en relaci\u00f3n con nuestras actividades, se&#8230;<\/p>\n","protected":false},"author":1,"featured_media":0,"parent":0,"menu_order":0,"comment_status":"closed","ping_status":"closed","template":"","meta":{"footnotes":""},"class_list":["post-989115","page","type-page","status-publish","hentry"],"yoast_head":"<!-- This site is optimized with the Yoast SEO plugin v27.2 - https:\/\/yoast.com\/product\/yoast-seo-wordpress\/ -->\n<title>Pol\u00edtica de privacidad - Corpenza - Soluciones Globales Sin Fronteras<\/title>\n<meta name=\"robots\" content=\"index, follow, max-snippet:-1, max-image-preview:large, max-video-preview:-1\" \/>\n<link rel=\"canonical\" href=\"https:\/\/corpenza.com\/es\/politica-de-privacidad\/\" \/>\n<meta property=\"og:locale\" content=\"es_ES\" \/>\n<meta property=\"og:type\" content=\"article\" \/>\n<meta property=\"og:title\" content=\"Pol\u00edtica de privacidad - Corpenza - Soluciones Globales Sin Fronteras\" \/>\n<meta property=\"og:description\" content=\"\u00bfQu\u00e9 informaci\u00f3n recopilamos? Cuando interact\u00faa con nosotros, podemos recopilar su nombre, direcci\u00f3n, direcci\u00f3n(es) de correo electr\u00f3nico, n\u00famero(s) de tel\u00e9fono y, cuando corresponda, fecha de nacimiento. \u00bfC\u00f3mo recopilamos la informaci\u00f3n? Podemos recopilar informaci\u00f3n sobre usted cada vez que interact\u00faa con nosotros. Por ejemplo, cuando se pone en contacto con nosotros en relaci\u00f3n con nuestras actividades, se...\" \/>\n<meta property=\"og:url\" content=\"https:\/\/corpenza.com\/es\/politica-de-privacidad\/\" \/>\n<meta property=\"og:site_name\" content=\"Corpenza - Soluciones Globales Sin Fronteras\" \/>\n<meta property=\"article:modified_time\" content=\"2026-04-29T12:16:03+00:00\" \/>\n<meta name=\"twitter:card\" content=\"summary_large_image\" \/>\n<meta name=\"twitter:label1\" content=\"Tiempo de lectura\" \/>\n\t<meta name=\"twitter:data1\" content=\"1 minuto\" \/>\n<script type=\"application\/ld+json\" class=\"yoast-schema-graph\">{\"@context\":\"https:\/\/schema.org\",\"@graph\":[{\"@type\":\"WebPage\",\"@id\":\"https:\/\/corpenza.com\/es\/politica-de-privacidad\/\",\"url\":\"https:\/\/corpenza.com\/es\/politica-de-privacidad\/\",\"name\":\"Pol\u00edtica de privacidad - Corpenza - Soluciones Globales Sin Fronteras\",\"isPartOf\":{\"@id\":\"https:\/\/corpenza.com\/es\/#website\"},\"datePublished\":\"2025-02-19T13:37:15+00:00\",\"dateModified\":\"2026-04-29T12:16:03+00:00\",\"breadcrumb\":{\"@id\":\"https:\/\/corpenza.com\/es\/politica-de-privacidad\/#breadcrumb\"},\"inLanguage\":\"es\",\"potentialAction\":[{\"@type\":\"ReadAction\",\"target\":[\"https:\/\/corpenza.com\/es\/politica-de-privacidad\/\"]}]},{\"@type\":\"BreadcrumbList\",\"@id\":\"https:\/\/corpenza.com\/es\/politica-de-privacidad\/#breadcrumb\",\"itemListElement\":[{\"@type\":\"ListItem\",\"position\":1,\"name\":\"Inicio\",\"item\":\"https:\/\/corpenza.com\/es\/\"},{\"@type\":\"ListItem\",\"position\":2,\"name\":\"Pol\u00edtica de privacidad\"}]},{\"@type\":\"WebSite\",\"@id\":\"https:\/\/corpenza.com\/es\/#website\",\"url\":\"https:\/\/corpenza.com\/es\/\",\"name\":\"Corpenza - Soluciones Globales Sin Fronteras\",\"description\":\"Corpenza ofrece servicios de permisos de residencia, constituci\u00f3n de empresas, visados dorados, contabilidad y n\u00f3minas a inversores, emprendedores y empleados.\",\"publisher\":{\"@id\":\"https:\/\/corpenza.com\/es\/#organization\"},\"potentialAction\":[{\"@type\":\"SearchAction\",\"target\":{\"@type\":\"EntryPoint\",\"urlTemplate\":\"https:\/\/corpenza.com\/es\/?s={search_term_string}\"},\"query-input\":{\"@type\":\"PropertyValueSpecification\",\"valueRequired\":true,\"valueName\":\"search_term_string\"}}],\"inLanguage\":\"es\"},{\"@type\":\"Organization\",\"@id\":\"https:\/\/corpenza.com\/es\/#organization\",\"name\":\"Corpenza - Soluciones Globales Sin Fronteras\",\"url\":\"https:\/\/corpenza.com\/es\/\",\"logo\":{\"@type\":\"ImageObject\",\"inLanguage\":\"es\",\"@id\":\"https:\/\/corpenza.com\/es\/#\/schema\/logo\/image\/\",\"url\":\"https:\/\/corpenza.com\/wp-content\/uploads\/2025\/10\/logo-light.svg\",\"contentUrl\":\"https:\/\/corpenza.com\/wp-content\/uploads\/2025\/10\/logo-light.svg\",\"width\":117,\"height\":40,\"caption\":\"Corpenza - Soluciones Globales Sin Fronteras\"},\"image\":{\"@id\":\"https:\/\/corpenza.com\/es\/#\/schema\/logo\/image\/\"}}]}<\/script>\n<!-- \/ Yoast SEO plugin. -->","yoast_head_json":{"title":"Pol\u00edtica de privacidad - Corpenza - Soluciones Globales Sin Fronteras","robots":{"index":"index","follow":"follow","max-snippet":"max-snippet:-1","max-image-preview":"max-image-preview:large","max-video-preview":"max-video-preview:-1"},"canonical":"https:\/\/corpenza.com\/es\/politica-de-privacidad\/","og_locale":"es_ES","og_type":"article","og_title":"Pol\u00edtica de privacidad - Corpenza - Soluciones Globales Sin Fronteras","og_description":"\u00bfQu\u00e9 informaci\u00f3n recopilamos? Cuando interact\u00faa con nosotros, podemos recopilar su nombre, direcci\u00f3n, direcci\u00f3n(es) de correo electr\u00f3nico, n\u00famero(s) de tel\u00e9fono y, cuando corresponda, fecha de nacimiento. \u00bfC\u00f3mo recopilamos la informaci\u00f3n? Podemos recopilar informaci\u00f3n sobre usted cada vez que interact\u00faa con nosotros. Por ejemplo, cuando se pone en contacto con nosotros en relaci\u00f3n con nuestras actividades, se...","og_url":"https:\/\/corpenza.com\/es\/politica-de-privacidad\/","og_site_name":"Corpenza - Soluciones Globales Sin Fronteras","article_modified_time":"2026-04-29T12:16:03+00:00","twitter_card":"summary_large_image","twitter_misc":{"Tiempo de lectura":"1 minuto"},"schema":{"@context":"https:\/\/schema.org","@graph":[{"@type":"WebPage","@id":"https:\/\/corpenza.com\/es\/politica-de-privacidad\/","url":"https:\/\/corpenza.com\/es\/politica-de-privacidad\/","name":"Pol\u00edtica de privacidad - Corpenza - Soluciones Globales Sin Fronteras","isPartOf":{"@id":"https:\/\/corpenza.com\/es\/#website"},"datePublished":"2025-02-19T13:37:15+00:00","dateModified":"2026-04-29T12:16:03+00:00","breadcrumb":{"@id":"https:\/\/corpenza.com\/es\/politica-de-privacidad\/#breadcrumb"},"inLanguage":"es","potentialAction":[{"@type":"ReadAction","target":["https:\/\/corpenza.com\/es\/politica-de-privacidad\/"]}]},{"@type":"BreadcrumbList","@id":"https:\/\/corpenza.com\/es\/politica-de-privacidad\/#breadcrumb","itemListElement":[{"@type":"ListItem","position":1,"name":"Inicio","item":"https:\/\/corpenza.com\/es\/"},{"@type":"ListItem","position":2,"name":"Pol\u00edtica de privacidad"}]},{"@type":"WebSite","@id":"https:\/\/corpenza.com\/es\/#website","url":"https:\/\/corpenza.com\/es\/","name":"Corpenza - Soluciones Globales Sin Fronteras","description":"Corpenza ofrece servicios de permisos de residencia, constituci\u00f3n de empresas, visados dorados, contabilidad y n\u00f3minas a inversores, emprendedores y empleados.","publisher":{"@id":"https:\/\/corpenza.com\/es\/#organization"},"potentialAction":[{"@type":"SearchAction","target":{"@type":"EntryPoint","urlTemplate":"https:\/\/corpenza.com\/es\/?s={search_term_string}"},"query-input":{"@type":"PropertyValueSpecification","valueRequired":true,"valueName":"search_term_string"}}],"inLanguage":"es"},{"@type":"Organization","@id":"https:\/\/corpenza.com\/es\/#organization","name":"Corpenza - Soluciones Globales Sin Fronteras","url":"https:\/\/corpenza.com\/es\/","logo":{"@type":"ImageObject","inLanguage":"es","@id":"https:\/\/corpenza.com\/es\/#\/schema\/logo\/image\/","url":"https:\/\/corpenza.com\/wp-content\/uploads\/2025\/10\/logo-light.svg","contentUrl":"https:\/\/corpenza.com\/wp-content\/uploads\/2025\/10\/logo-light.svg","width":117,"height":40,"caption":"Corpenza - Soluciones Globales Sin Fronteras"},"image":{"@id":"https:\/\/corpenza.com\/es\/#\/schema\/logo\/image\/"}}]}},"_links":{"self":[{"href":"https:\/\/corpenza.com\/es\/wp-json\/wp\/v2\/pages\/989115","targetHints":{"allow":["GET"]}}],"collection":[{"href":"https:\/\/corpenza.com\/es\/wp-json\/wp\/v2\/pages"}],"about":[{"href":"https:\/\/corpenza.com\/es\/wp-json\/wp\/v2\/types\/page"}],"author":[{"embeddable":true,"href":"https:\/\/corpenza.com\/es\/wp-json\/wp\/v2\/users\/1"}],"replies":[{"embeddable":true,"href":"https:\/\/corpenza.com\/es\/wp-json\/wp\/v2\/comments?post=989115"}],"version-history":[{"count":1,"href":"https:\/\/corpenza.com\/es\/wp-json\/wp\/v2\/pages\/989115\/revisions"}],"predecessor-version":[{"id":989124,"href":"https:\/\/corpenza.com\/es\/wp-json\/wp\/v2\/pages\/989115\/revisions\/989124"}],"wp:attachment":[{"href":"https:\/\/corpenza.com\/es\/wp-json\/wp\/v2\/media?parent=989115"}],"curies":[{"name":"wp","href":"https:\/\/api.w.org\/{rel}","templated":true}]}}